{"id":6234,"date":"2021-12-01T14:07:09","date_gmt":"2021-12-01T14:07:09","guid":{"rendered":"https:\/\/gentleproceduresnb.ca\/?page_id=6234"},"modified":"2021-12-01T14:08:10","modified_gmt":"2021-12-01T14:08:10","slug":"inscription-merci","status":"publish","type":"page","link":"https:\/\/gentleproceduresnb.ca\/fr\/circoncision\/inscription-merci\/","title":{"rendered":"Circoncision inscription merci"},"content":{"rendered":"\t\t<div data-elementor-type=\"wp-page\" data-elementor-id=\"6234\" class=\"elementor elementor-6234 elementor-64\" data-elementor-post-type=\"page\">\n\t\t\t\t\t\t<section class=\"elementor-section elementor-top-section elementor-element elementor-element-5fe6dd4 elementor-section-stretched elementor-section-full_width elementor-section-height-default elementor-section-height-default\" data-id=\"5fe6dd4\" data-element_type=\"section\" data-e-type=\"section\" data-settings=\"{&quot;stretch_section&quot;:&quot;section-stretched&quot;}\">\n\t\t\t\t\t\t<div class=\"elementor-container elementor-column-gap-wide\">\n\t\t\t\t\t<div class=\"elementor-column elementor-col-50 elementor-top-column elementor-element elementor-element-b4742bc\" data-id=\"b4742bc\" data-element_type=\"column\" data-e-type=\"column\">\n\t\t\t<div class=\"elementor-widget-wrap elementor-element-populated\">\n\t\t\t\t\t\t<section class=\"elementor-section elementor-inner-section elementor-element elementor-element-7fbaef2 elementor-section-boxed elementor-section-height-default elementor-section-height-default\" data-id=\"7fbaef2\" data-element_type=\"section\" data-e-type=\"section\">\n\t\t\t\t\t\t<div class=\"elementor-container elementor-column-gap-default\">\n\t\t\t\t\t<div class=\"elementor-column elementor-col-100 elementor-inner-column elementor-element elementor-element-598f492\" data-id=\"598f492\" data-element_type=\"column\" data-e-type=\"column\">\n\t\t\t<div class=\"elementor-widget-wrap elementor-element-populated\">\n\t\t\t\t\t\t<div class=\"elementor-element elementor-element-0282d84 elementor-widget elementor-widget-heading\" data-id=\"0282d84\" data-element_type=\"widget\" data-e-type=\"widget\" data-widget_type=\"heading.default\">\n\t\t\t\t<div class=\"elementor-widget-container\">\n\t\t\t\t\t<h1 class=\"elementor-heading-title elementor-size-default\">Merci<\/h1>\t\t\t\t<\/div>\n\t\t\t\t<\/div>\n\t\t\t\t<div class=\"elementor-element elementor-element-8ff52d6 elementor-widget elementor-widget-text-editor\" data-id=\"8ff52d6\" data-element_type=\"widget\" data-e-type=\"widget\" data-widget_type=\"text-editor.default\">\n\t\t\t\t<div class=\"elementor-widget-container\">\n\t\t\t\t\t\t\t\t\t<p>Nous vous remercions de vous \u00eatre enregistr\u00e9 \u00e0 la clinique Gentle Procedures.<\/p><p>Nous vous r\u00e9pondrons sous peu pour confirmer votre rendez-vous et r\u00e9pondre \u00e0 toutes vos questions.<\/p><p>Au plaisir de se parler prochainement.<\/p>\t\t\t\t\t\t\t\t<\/div>\n\t\t\t\t<\/div>\n\t\t\t\t\t<\/div>\n\t\t<\/div>\n\t\t\t\t\t<\/div>\n\t\t<\/section>\n\t\t\t\t\t<\/div>\n\t\t<\/div>\n\t\t\t\t<div class=\"elementor-column elementor-col-50 elementor-top-column elementor-element elementor-element-4d87a65\" data-id=\"4d87a65\" data-element_type=\"column\" data-e-type=\"column\" data-settings=\"{&quot;background_background&quot;:&quot;classic&quot;}\">\n\t\t\t<div class=\"elementor-widget-wrap\">\n\t\t\t\t\t\t\t<\/div>\n\t\t<\/div>\n\t\t\t\t\t<\/div>\n\t\t<\/section>\n\t\t\t\t<\/div>\n\t\t","protected":false},"excerpt":{"rendered":"<p>Merci Nous vous remercions de vous \u00eatre enregistr\u00e9 \u00e0 la clinique Gentle Procedures. Nous vous r\u00e9pondrons sous peu pour confirmer votre rendez-vous et r\u00e9pondre \u00e0 toutes vos questions. Au plaisir de se parler prochainement.<\/p>\n","protected":false},"author":1,"featured_media":0,"parent":6124,"menu_order":0,"comment_status":"closed","ping_status":"closed","template":"elementor_header_footer","meta":{"footnotes":""},"class_list":["post-6234","page","type-page","status-publish","hentry"],"yoast_head":"<!-- This site is optimized with the Yoast SEO plugin v27.5 - https:\/\/yoast.com\/product\/yoast-seo-wordpress\/ -->\n<title>Merci<\/title>\n<meta name=\"description\" content=\"merci\" \/>\n<meta name=\"robots\" content=\"index, follow, max-snippet:-1, max-image-preview:large, max-video-preview:-1\" \/>\n<link rel=\"canonical\" href=\"https:\/\/gentleproceduresnb.ca\/fr\/circoncision\/inscription-merci\/\" \/>\n<meta property=\"og:locale\" content=\"fr_FR\" \/>\n<meta property=\"og:type\" content=\"article\" \/>\n<meta property=\"og:title\" content=\"Merci\" \/>\n<meta property=\"og:description\" content=\"merci\" \/>\n<meta property=\"og:url\" content=\"https:\/\/gentleproceduresnb.ca\/fr\/circoncision\/inscription-merci\/\" \/>\n<meta property=\"og:site_name\" content=\"Gentle Procedures NB\" \/>\n<meta property=\"article:modified_time\" content=\"2021-12-01T14:08:10+00:00\" \/>\n<meta name=\"twitter:card\" content=\"summary_large_image\" \/>\n<meta name=\"twitter:label1\" content=\"Dur\u00e9e de lecture estim\u00e9e\" \/>\n\t<meta name=\"twitter:data1\" content=\"1 minute\" \/>\n<script type=\"application\/ld+json\" class=\"yoast-schema-graph\">{\"@context\":\"https:\\\/\\\/schema.org\",\"@graph\":[{\"@type\":\"WebPage\",\"@id\":\"https:\\\/\\\/gentleproceduresnb.ca\\\/fr\\\/circoncision\\\/inscription-merci\\\/\",\"url\":\"https:\\\/\\\/gentleproceduresnb.ca\\\/fr\\\/circoncision\\\/inscription-merci\\\/\",\"name\":\"Merci\",\"isPartOf\":{\"@id\":\"https:\\\/\\\/gentleproceduresnb.ca\\\/#website\"},\"datePublished\":\"2021-12-01T14:07:09+00:00\",\"dateModified\":\"2021-12-01T14:08:10+00:00\",\"description\":\"merci\",\"breadcrumb\":{\"@id\":\"https:\\\/\\\/gentleproceduresnb.ca\\\/fr\\\/circoncision\\\/inscription-merci\\\/#breadcrumb\"},\"inLanguage\":\"fr-FR\",\"potentialAction\":[{\"@type\":\"ReadAction\",\"target\":[\"https:\\\/\\\/gentleproceduresnb.ca\\\/fr\\\/circoncision\\\/inscription-merci\\\/\"]}]},{\"@type\":\"BreadcrumbList\",\"@id\":\"https:\\\/\\\/gentleproceduresnb.ca\\\/fr\\\/circoncision\\\/inscription-merci\\\/#breadcrumb\",\"itemListElement\":[{\"@type\":\"ListItem\",\"position\":1,\"name\":\"Home\",\"item\":\"https:\\\/\\\/gentleproceduresnb.ca\\\/\"},{\"@type\":\"ListItem\",\"position\":2,\"name\":\"La clinique de circoncision de Fredericton\",\"item\":\"https:\\\/\\\/gentleproceduresnb.ca\\\/fr\\\/circoncision\\\/\"},{\"@type\":\"ListItem\",\"position\":3,\"name\":\"Circoncision inscription merci\"}]},{\"@type\":\"WebSite\",\"@id\":\"https:\\\/\\\/gentleproceduresnb.ca\\\/#website\",\"url\":\"https:\\\/\\\/gentleproceduresnb.ca\\\/\",\"name\":\"Gentle Procedures NB\",\"description\":\"Gentle Procedures NB\",\"potentialAction\":[{\"@type\":\"SearchAction\",\"target\":{\"@type\":\"EntryPoint\",\"urlTemplate\":\"https:\\\/\\\/gentleproceduresnb.ca\\\/?s={search_term_string}\"},\"query-input\":{\"@type\":\"PropertyValueSpecification\",\"valueRequired\":true,\"valueName\":\"search_term_string\"}}],\"inLanguage\":\"fr-FR\"}]}<\/script>\n<!-- \/ Yoast SEO plugin. -->","yoast_head_json":{"title":"Merci","description":"merci","robots":{"index":"index","follow":"follow","max-snippet":"max-snippet:-1","max-image-preview":"max-image-preview:large","max-video-preview":"max-video-preview:-1"},"canonical":"https:\/\/gentleproceduresnb.ca\/fr\/circoncision\/inscription-merci\/","og_locale":"fr_FR","og_type":"article","og_title":"Merci","og_description":"merci","og_url":"https:\/\/gentleproceduresnb.ca\/fr\/circoncision\/inscription-merci\/","og_site_name":"Gentle Procedures NB","article_modified_time":"2021-12-01T14:08:10+00:00","twitter_card":"summary_large_image","twitter_misc":{"Dur\u00e9e de lecture estim\u00e9e":"1 minute"},"schema":{"@context":"https:\/\/schema.org","@graph":[{"@type":"WebPage","@id":"https:\/\/gentleproceduresnb.ca\/fr\/circoncision\/inscription-merci\/","url":"https:\/\/gentleproceduresnb.ca\/fr\/circoncision\/inscription-merci\/","name":"Merci","isPartOf":{"@id":"https:\/\/gentleproceduresnb.ca\/#website"},"datePublished":"2021-12-01T14:07:09+00:00","dateModified":"2021-12-01T14:08:10+00:00","description":"merci","breadcrumb":{"@id":"https:\/\/gentleproceduresnb.ca\/fr\/circoncision\/inscription-merci\/#breadcrumb"},"inLanguage":"fr-FR","potentialAction":[{"@type":"ReadAction","target":["https:\/\/gentleproceduresnb.ca\/fr\/circoncision\/inscription-merci\/"]}]},{"@type":"BreadcrumbList","@id":"https:\/\/gentleproceduresnb.ca\/fr\/circoncision\/inscription-merci\/#breadcrumb","itemListElement":[{"@type":"ListItem","position":1,"name":"Home","item":"https:\/\/gentleproceduresnb.ca\/"},{"@type":"ListItem","position":2,"name":"La clinique de circoncision de Fredericton","item":"https:\/\/gentleproceduresnb.ca\/fr\/circoncision\/"},{"@type":"ListItem","position":3,"name":"Circoncision inscription merci"}]},{"@type":"WebSite","@id":"https:\/\/gentleproceduresnb.ca\/#website","url":"https:\/\/gentleproceduresnb.ca\/","name":"Gentle Procedures NB","description":"Gentle Procedures NB","potentialAction":[{"@type":"SearchAction","target":{"@type":"EntryPoint","urlTemplate":"https:\/\/gentleproceduresnb.ca\/?s={search_term_string}"},"query-input":{"@type":"PropertyValueSpecification","valueRequired":true,"valueName":"search_term_string"}}],"inLanguage":"fr-FR"}]}},"_links":{"self":[{"href":"https:\/\/gentleproceduresnb.ca\/fr\/wp-json\/wp\/v2\/pages\/6234","targetHints":{"allow":["GET"]}}],"collection":[{"href":"https:\/\/gentleproceduresnb.ca\/fr\/wp-json\/wp\/v2\/pages"}],"about":[{"href":"https:\/\/gentleproceduresnb.ca\/fr\/wp-json\/wp\/v2\/types\/page"}],"author":[{"embeddable":true,"href":"https:\/\/gentleproceduresnb.ca\/fr\/wp-json\/wp\/v2\/users\/1"}],"replies":[{"embeddable":true,"href":"https:\/\/gentleproceduresnb.ca\/fr\/wp-json\/wp\/v2\/comments?post=6234"}],"version-history":[{"count":7,"href":"https:\/\/gentleproceduresnb.ca\/fr\/wp-json\/wp\/v2\/pages\/6234\/revisions"}],"predecessor-version":[{"id":6245,"href":"https:\/\/gentleproceduresnb.ca\/fr\/wp-json\/wp\/v2\/pages\/6234\/revisions\/6245"}],"up":[{"embeddable":true,"href":"https:\/\/gentleproceduresnb.ca\/fr\/wp-json\/wp\/v2\/pages\/6124"}],"wp:attachment":[{"href":"https:\/\/gentleproceduresnb.ca\/fr\/wp-json\/wp\/v2\/media?parent=6234"}],"curies":[{"name":"wp","href":"https:\/\/api.w.org\/{rel}","templated":true}]}}