{"id":6114,"date":"2021-11-30T21:50:37","date_gmt":"2021-11-30T21:50:37","guid":{"rendered":"https:\/\/gentleproceduresnb.ca\/?page_id=6114"},"modified":"2021-11-30T21:51:25","modified_gmt":"2021-11-30T21:51:25","slug":"consultation-merci","status":"publish","type":"page","link":"https:\/\/gentleproceduresnb.ca\/fr\/penis-frenulectomie-frenuloplastie\/consultation-merci\/","title":{"rendered":"Frenulectomy Consultation Merci"},"content":{"rendered":"\t\t<div data-elementor-type=\"wp-page\" data-elementor-id=\"6114\" class=\"elementor elementor-6114 elementor-5073\" data-elementor-post-type=\"page\">\n\t\t\t\t\t\t<section class=\"elementor-section elementor-top-section elementor-element elementor-element-6bf3c3ce elementor-section-stretched elementor-section-full_width elementor-section-height-default elementor-section-height-default\" data-id=\"6bf3c3ce\" data-element_type=\"section\" data-e-type=\"section\" data-settings=\"{&quot;stretch_section&quot;:&quot;section-stretched&quot;}\">\n\t\t\t\t\t\t<div class=\"elementor-container elementor-column-gap-wide\">\n\t\t\t\t\t<div class=\"elementor-column elementor-col-50 elementor-top-column elementor-element elementor-element-288b44f7\" data-id=\"288b44f7\" data-element_type=\"column\" data-e-type=\"column\">\n\t\t\t<div class=\"elementor-widget-wrap elementor-element-populated\">\n\t\t\t\t\t\t<section class=\"elementor-section elementor-inner-section elementor-element elementor-element-5abc3b4 elementor-section-boxed elementor-section-height-default elementor-section-height-default\" data-id=\"5abc3b4\" data-element_type=\"section\" data-e-type=\"section\">\n\t\t\t\t\t\t<div class=\"elementor-container elementor-column-gap-default\">\n\t\t\t\t\t<div class=\"elementor-column elementor-col-100 elementor-inner-column elementor-element elementor-element-4825d3a5\" data-id=\"4825d3a5\" data-element_type=\"column\" data-e-type=\"column\">\n\t\t\t<div class=\"elementor-widget-wrap elementor-element-populated\">\n\t\t\t\t\t\t<div class=\"elementor-element elementor-element-3c492b7b elementor-widget elementor-widget-heading\" data-id=\"3c492b7b\" data-element_type=\"widget\" data-e-type=\"widget\" data-widget_type=\"heading.default\">\n\t\t\t\t<div class=\"elementor-widget-container\">\n\t\t\t\t\t<h1 class=\"elementor-heading-title elementor-size-default\">Merci\n<\/h1>\t\t\t\t<\/div>\n\t\t\t\t<\/div>\n\t\t\t\t<div class=\"elementor-element elementor-element-7a45cfbd elementor-widget elementor-widget-text-editor\" data-id=\"7a45cfbd\" data-element_type=\"widget\" data-e-type=\"widget\" data-widget_type=\"text-editor.default\">\n\t\t\t\t<div class=\"elementor-widget-container\">\n\t\t\t\t\t\t\t\t\tMerci d\u2019avoir contact\u00e9 Gentle Procedures Clinic.\n\nNous contacterons le plus rapidement possible pour prendre rendez-vous et pour r\u00e9pondre \u00e0 toutes vos questions.\n\nMerci.\t\t\t\t\t\t\t\t<\/div>\n\t\t\t\t<\/div>\n\t\t\t\t\t<\/div>\n\t\t<\/div>\n\t\t\t\t\t<\/div>\n\t\t<\/section>\n\t\t\t\t\t<\/div>\n\t\t<\/div>\n\t\t\t\t<div class=\"elementor-column elementor-col-50 elementor-top-column elementor-element elementor-element-7f1228a3\" data-id=\"7f1228a3\" data-element_type=\"column\" data-e-type=\"column\" data-settings=\"{&quot;background_background&quot;:&quot;classic&quot;}\">\n\t\t\t<div class=\"elementor-widget-wrap\">\n\t\t\t\t\t\t\t<\/div>\n\t\t<\/div>\n\t\t\t\t\t<\/div>\n\t\t<\/section>\n\t\t\t\t<\/div>\n\t\t","protected":false},"excerpt":{"rendered":"<p>Merci Merci d\u2019avoir contact\u00e9 Gentle Procedures Clinic. Nous contacterons le plus rapidement possible pour prendre rendez-vous et pour r\u00e9pondre \u00e0 toutes vos questions. Merci.<\/p>\n","protected":false},"author":1,"featured_media":0,"parent":6087,"menu_order":0,"comment_status":"closed","ping_status":"closed","template":"elementor_header_footer","meta":{"footnotes":""},"class_list":["post-6114","page","type-page","status-publish","hentry"],"yoast_head":"<!-- This site is optimized with the Yoast SEO plugin v27.4 - https:\/\/yoast.com\/product\/yoast-seo-wordpress\/ -->\n<title>Merci<\/title>\n<meta name=\"description\" content=\"Merci\" \/>\n<meta name=\"robots\" content=\"index, follow, max-snippet:-1, max-image-preview:large, max-video-preview:-1\" \/>\n<link rel=\"canonical\" href=\"https:\/\/gentleproceduresnb.ca\/fr\/penis-frenulectomie-frenuloplastie\/consultation-merci\/\" \/>\n<meta property=\"og:locale\" content=\"fr_FR\" \/>\n<meta property=\"og:type\" content=\"article\" \/>\n<meta property=\"og:title\" content=\"Merci\" \/>\n<meta property=\"og:description\" content=\"Merci\" \/>\n<meta property=\"og:url\" content=\"https:\/\/gentleproceduresnb.ca\/fr\/penis-frenulectomie-frenuloplastie\/consultation-merci\/\" \/>\n<meta property=\"og:site_name\" content=\"Gentle Procedures NB\" \/>\n<meta property=\"article:modified_time\" content=\"2021-11-30T21:51:25+00:00\" \/>\n<meta name=\"twitter:card\" content=\"summary_large_image\" \/>\n<meta name=\"twitter:label1\" content=\"Dur\u00e9e de lecture estim\u00e9e\" \/>\n\t<meta name=\"twitter:data1\" content=\"1 minute\" \/>\n<script type=\"application\/ld+json\" class=\"yoast-schema-graph\">{\"@context\":\"https:\\\/\\\/schema.org\",\"@graph\":[{\"@type\":\"WebPage\",\"@id\":\"https:\\\/\\\/gentleproceduresnb.ca\\\/fr\\\/penis-frenulectomie-frenuloplastie\\\/consultation-merci\\\/\",\"url\":\"https:\\\/\\\/gentleproceduresnb.ca\\\/fr\\\/penis-frenulectomie-frenuloplastie\\\/consultation-merci\\\/\",\"name\":\"Merci\",\"isPartOf\":{\"@id\":\"https:\\\/\\\/gentleproceduresnb.ca\\\/#website\"},\"datePublished\":\"2021-11-30T21:50:37+00:00\",\"dateModified\":\"2021-11-30T21:51:25+00:00\",\"description\":\"Merci\",\"breadcrumb\":{\"@id\":\"https:\\\/\\\/gentleproceduresnb.ca\\\/fr\\\/penis-frenulectomie-frenuloplastie\\\/consultation-merci\\\/#breadcrumb\"},\"inLanguage\":\"fr-FR\",\"potentialAction\":[{\"@type\":\"ReadAction\",\"target\":[\"https:\\\/\\\/gentleproceduresnb.ca\\\/fr\\\/penis-frenulectomie-frenuloplastie\\\/consultation-merci\\\/\"]}]},{\"@type\":\"BreadcrumbList\",\"@id\":\"https:\\\/\\\/gentleproceduresnb.ca\\\/fr\\\/penis-frenulectomie-frenuloplastie\\\/consultation-merci\\\/#breadcrumb\",\"itemListElement\":[{\"@type\":\"ListItem\",\"position\":1,\"name\":\"Home\",\"item\":\"https:\\\/\\\/gentleproceduresnb.ca\\\/\"},{\"@type\":\"ListItem\",\"position\":2,\"name\":\"Fr\u00e9nulectomie \u00e0 notre clinique de Fr\u00e9d\u00e9ricton\",\"item\":\"https:\\\/\\\/gentleproceduresnb.ca\\\/fr\\\/penis-frenulectomie-frenuloplastie\\\/\"},{\"@type\":\"ListItem\",\"position\":3,\"name\":\"Frenulectomy Consultation Merci\"}]},{\"@type\":\"WebSite\",\"@id\":\"https:\\\/\\\/gentleproceduresnb.ca\\\/#website\",\"url\":\"https:\\\/\\\/gentleproceduresnb.ca\\\/\",\"name\":\"Gentle Procedures NB\",\"description\":\"Gentle Procedures NB\",\"potentialAction\":[{\"@type\":\"SearchAction\",\"target\":{\"@type\":\"EntryPoint\",\"urlTemplate\":\"https:\\\/\\\/gentleproceduresnb.ca\\\/?s={search_term_string}\"},\"query-input\":{\"@type\":\"PropertyValueSpecification\",\"valueRequired\":true,\"valueName\":\"search_term_string\"}}],\"inLanguage\":\"fr-FR\"}]}<\/script>\n<!-- \/ Yoast SEO plugin. -->","yoast_head_json":{"title":"Merci","description":"Merci","robots":{"index":"index","follow":"follow","max-snippet":"max-snippet:-1","max-image-preview":"max-image-preview:large","max-video-preview":"max-video-preview:-1"},"canonical":"https:\/\/gentleproceduresnb.ca\/fr\/penis-frenulectomie-frenuloplastie\/consultation-merci\/","og_locale":"fr_FR","og_type":"article","og_title":"Merci","og_description":"Merci","og_url":"https:\/\/gentleproceduresnb.ca\/fr\/penis-frenulectomie-frenuloplastie\/consultation-merci\/","og_site_name":"Gentle Procedures NB","article_modified_time":"2021-11-30T21:51:25+00:00","twitter_card":"summary_large_image","twitter_misc":{"Dur\u00e9e de lecture estim\u00e9e":"1 minute"},"schema":{"@context":"https:\/\/schema.org","@graph":[{"@type":"WebPage","@id":"https:\/\/gentleproceduresnb.ca\/fr\/penis-frenulectomie-frenuloplastie\/consultation-merci\/","url":"https:\/\/gentleproceduresnb.ca\/fr\/penis-frenulectomie-frenuloplastie\/consultation-merci\/","name":"Merci","isPartOf":{"@id":"https:\/\/gentleproceduresnb.ca\/#website"},"datePublished":"2021-11-30T21:50:37+00:00","dateModified":"2021-11-30T21:51:25+00:00","description":"Merci","breadcrumb":{"@id":"https:\/\/gentleproceduresnb.ca\/fr\/penis-frenulectomie-frenuloplastie\/consultation-merci\/#breadcrumb"},"inLanguage":"fr-FR","potentialAction":[{"@type":"ReadAction","target":["https:\/\/gentleproceduresnb.ca\/fr\/penis-frenulectomie-frenuloplastie\/consultation-merci\/"]}]},{"@type":"BreadcrumbList","@id":"https:\/\/gentleproceduresnb.ca\/fr\/penis-frenulectomie-frenuloplastie\/consultation-merci\/#breadcrumb","itemListElement":[{"@type":"ListItem","position":1,"name":"Home","item":"https:\/\/gentleproceduresnb.ca\/"},{"@type":"ListItem","position":2,"name":"Fr\u00e9nulectomie \u00e0 notre clinique de Fr\u00e9d\u00e9ricton","item":"https:\/\/gentleproceduresnb.ca\/fr\/penis-frenulectomie-frenuloplastie\/"},{"@type":"ListItem","position":3,"name":"Frenulectomy Consultation Merci"}]},{"@type":"WebSite","@id":"https:\/\/gentleproceduresnb.ca\/#website","url":"https:\/\/gentleproceduresnb.ca\/","name":"Gentle Procedures NB","description":"Gentle Procedures NB","potentialAction":[{"@type":"SearchAction","target":{"@type":"EntryPoint","urlTemplate":"https:\/\/gentleproceduresnb.ca\/?s={search_term_string}"},"query-input":{"@type":"PropertyValueSpecification","valueRequired":true,"valueName":"search_term_string"}}],"inLanguage":"fr-FR"}]}},"_links":{"self":[{"href":"https:\/\/gentleproceduresnb.ca\/fr\/wp-json\/wp\/v2\/pages\/6114","targetHints":{"allow":["GET"]}}],"collection":[{"href":"https:\/\/gentleproceduresnb.ca\/fr\/wp-json\/wp\/v2\/pages"}],"about":[{"href":"https:\/\/gentleproceduresnb.ca\/fr\/wp-json\/wp\/v2\/types\/page"}],"author":[{"embeddable":true,"href":"https:\/\/gentleproceduresnb.ca\/fr\/wp-json\/wp\/v2\/users\/1"}],"replies":[{"embeddable":true,"href":"https:\/\/gentleproceduresnb.ca\/fr\/wp-json\/wp\/v2\/comments?post=6114"}],"version-history":[{"count":4,"href":"https:\/\/gentleproceduresnb.ca\/fr\/wp-json\/wp\/v2\/pages\/6114\/revisions"}],"predecessor-version":[{"id":6118,"href":"https:\/\/gentleproceduresnb.ca\/fr\/wp-json\/wp\/v2\/pages\/6114\/revisions\/6118"}],"up":[{"embeddable":true,"href":"https:\/\/gentleproceduresnb.ca\/fr\/wp-json\/wp\/v2\/pages\/6087"}],"wp:attachment":[{"href":"https:\/\/gentleproceduresnb.ca\/fr\/wp-json\/wp\/v2\/media?parent=6114"}],"curies":[{"name":"wp","href":"https:\/\/api.w.org\/{rel}","templated":true}]}}