{"id":6106,"date":"2021-11-30T21:45:11","date_gmt":"2021-11-30T21:45:11","guid":{"rendered":"https:\/\/gentleproceduresnb.ca\/?page_id=6106"},"modified":"2021-11-30T21:48:37","modified_gmt":"2021-11-30T21:48:37","slug":"confirmation-prix","status":"publish","type":"page","link":"https:\/\/gentleproceduresnb.ca\/fr\/penis-frenulectomie-frenuloplastie\/confirmation-prix\/","title":{"rendered":"Frenuloplastie confirmation des co\u00fbts"},"content":{"rendered":"\t\t<div data-elementor-type=\"wp-page\" data-elementor-id=\"6106\" class=\"elementor elementor-6106 elementor-5079\" data-elementor-post-type=\"page\">\n\t\t\t\t\t\t<section class=\"elementor-section elementor-top-section elementor-element elementor-element-14cc5281 elementor-section-stretched elementor-section-full_width elementor-section-height-default elementor-section-height-default\" data-id=\"14cc5281\" data-element_type=\"section\" data-e-type=\"section\" data-settings=\"{&quot;stretch_section&quot;:&quot;section-stretched&quot;}\">\n\t\t\t\t\t\t<div class=\"elementor-container elementor-column-gap-wide\">\n\t\t\t\t\t<div class=\"elementor-column elementor-col-50 elementor-top-column elementor-element elementor-element-6c9bfded\" data-id=\"6c9bfded\" data-element_type=\"column\" data-e-type=\"column\">\n\t\t\t<div class=\"elementor-widget-wrap elementor-element-populated\">\n\t\t\t\t\t\t<section class=\"elementor-section elementor-inner-section elementor-element elementor-element-1d7c74a6 elementor-section-boxed elementor-section-height-default elementor-section-height-default\" data-id=\"1d7c74a6\" data-element_type=\"section\" data-e-type=\"section\">\n\t\t\t\t\t\t<div class=\"elementor-container elementor-column-gap-default\">\n\t\t\t\t\t<div class=\"elementor-column elementor-col-100 elementor-inner-column elementor-element elementor-element-eb47451\" data-id=\"eb47451\" data-element_type=\"column\" data-e-type=\"column\" id=\"page-form\">\n\t\t\t<div class=\"elementor-widget-wrap elementor-element-populated\">\n\t\t\t\t\t\t<div class=\"elementor-element elementor-element-7a1bde51 elementor-widget elementor-widget-heading\" data-id=\"7a1bde51\" data-element_type=\"widget\" data-e-type=\"widget\" data-widget_type=\"heading.default\">\n\t\t\t\t<div class=\"elementor-widget-container\">\n\t\t\t\t\t<h1 class=\"elementor-heading-title elementor-size-default\">Confirmation de prix pour fr\u00e9nulectomie<\/h1>\t\t\t\t<\/div>\n\t\t\t\t<\/div>\n\t\t\t\t<div class=\"elementor-element elementor-element-20554ae elementor-widget elementor-widget-text-editor\" data-id=\"20554ae\" data-element_type=\"widget\" data-e-type=\"widget\" data-widget_type=\"text-editor.default\">\n\t\t\t\t<div class=\"elementor-widget-container\">\n\t\t\t\t\t\t\t\t\t<p>Veuillez remplir le formulaire ci-dessous avec vos coordonn\u00e9es et informations et nous vous enverrons le plus vite possible le co\u00fbt de la fr\u00e9nulectomie ou fr\u00e9nuloplastie.<\/p><p>Il est possible qu\u2019une consultation sera n\u00e9cessaire pour d\u00e9terminer la meilleure fa\u00e7on d\u2019y proc\u00e9der dans votre cas.<\/p>\t\t\t\t\t\t\t\t<\/div>\n\t\t\t\t<\/div>\n\t\t\t\t<div class=\"elementor-element elementor-element-2f483352 uael-gf-style-underline uael-gf-input-size-xs uael-gf-button-center uael-gf-btn-size-xs uael-gf-ajax-true uael-gf-enable-classes-no elementor-widget elementor-widget-uael-gf-styler\" data-id=\"2f483352\" data-element_type=\"widget\" data-e-type=\"widget\" data-widget_type=\"uael-gf-styler.default\">\n\t\t\t\t<div class=\"elementor-widget-container\">\n\t\t\t\t\t<div class=\"uael-gf-style uael-gf-check-style elementor-clickable\">\n\t<script>\nvar gform;gform||(document.addEventListener(\"gform_main_scripts_loaded\",function(){gform.scriptsLoaded=!0}),document.addEventListener(\"gform\/theme\/scripts_loaded\",function(){gform.themeScriptsLoaded=!0}),window.addEventListener(\"DOMContentLoaded\",function(){gform.domLoaded=!0}),gform={domLoaded:!1,scriptsLoaded:!1,themeScriptsLoaded:!1,isFormEditor:()=>\"function\"==typeof InitializeEditor,callIfLoaded:function(o){return!(!gform.domLoaded||!gform.scriptsLoaded||!gform.themeScriptsLoaded&&!gform.isFormEditor()||(gform.isFormEditor()&&console.warn(\"The use of gform.initializeOnLoaded() is deprecated in the form editor context and will be removed in Gravity Forms 3.1.\"),o(),0))},initializeOnLoaded:function(o){gform.callIfLoaded(o)||(document.addEventListener(\"gform_main_scripts_loaded\",()=>{gform.scriptsLoaded=!0,gform.callIfLoaded(o)}),document.addEventListener(\"gform\/theme\/scripts_loaded\",()=>{gform.themeScriptsLoaded=!0,gform.callIfLoaded(o)}),window.addEventListener(\"DOMContentLoaded\",()=>{gform.domLoaded=!0,gform.callIfLoaded(o)}))},hooks:{action:{},filter:{}},addAction:function(o,r,e,t){gform.addHook(\"action\",o,r,e,t)},addFilter:function(o,r,e,t){gform.addHook(\"filter\",o,r,e,t)},doAction:function(o){gform.doHook(\"action\",o,arguments)},applyFilters:function(o){return gform.doHook(\"filter\",o,arguments)},removeAction:function(o,r){gform.removeHook(\"action\",o,r)},removeFilter:function(o,r,e){gform.removeHook(\"filter\",o,r,e)},addHook:function(o,r,e,t,n){null==gform.hooks[o][r]&&(gform.hooks[o][r]=[]);var d=gform.hooks[o][r];null==n&&(n=r+\"_\"+d.length),gform.hooks[o][r].push({tag:n,callable:e,priority:t=null==t?10:t})},doHook:function(r,o,e){var t;if(e=Array.prototype.slice.call(e,1),null!=gform.hooks[r][o]&&((o=gform.hooks[r][o]).sort(function(o,r){return o.priority-r.priority}),o.forEach(function(o){\"function\"!=typeof(t=o.callable)&&(t=window[t]),\"action\"==r?t.apply(null,e):e[0]=t.apply(null,e)})),\"filter\"==r)return e[0]},removeHook:function(o,r,t,n){var e;null!=gform.hooks[o][r]&&(e=(e=gform.hooks[o][r]).filter(function(o,r,e){return!!(null!=n&&n!=o.tag||null!=t&&t!=o.priority)}),gform.hooks[o][r]=e)}});\n<\/script>\n\n                <div class='gf_browser_gecko gform_wrapper gravity-theme gform-theme--no-framework' data-form-theme='gravity-theme' data-form-index='0' id='gform_wrapper_31' ><form method='post' enctype='multipart\/form-data'  id='gform_31'  action='\/fr\/wp-json\/wp\/v2\/pages\/6106' data-formid='31' novalidate>\n                        <div class='gform-body gform_body'><div id='gform_fields_31' class='gform_fields top_label form_sublabel_below description_below validation_below'><div id=\"field_31_6\" class=\"gfield gfield--type-honeypot gform_validation_container field_sublabel_below gfield--has-description field_description_below field_validation_below gfield_visibility_visible\"  ><label class='gfield_label gform-field-label' for='input_31_6'>Comments<\/label><div class='ginput_container'><input name='input_6' id='input_31_6' type='text' value='' autocomplete='new-password'\/><\/div><div class='gfield_description' id='gfield_description_31_6'>Ce champ n\u2019est utilis\u00e9 qu\u2019\u00e0 des fins de validation et devrait rester inchang\u00e9.<\/div><\/div><div id=\"field_31_1\" class=\"gfield gfield--type-text gfield_contains_required field_sublabel_below gfield--no-description field_description_below field_validation_below gfield_visibility_visible\"  ><label class='gfield_label gform-field-label' for='input_31_1'>Nom*<span class=\"gfield_required\"><span class=\"gfield_required gfield_required_text\">(N\u00e9cessaire)<\/span><\/span><\/label><div class='ginput_container ginput_container_text'><input name='input_1' id='input_31_1' type='text' value='' class='large'   tabindex='1'  aria-required=\"true\" aria-invalid=\"false\"   \/><\/div><\/div><div id=\"field_31_5\" class=\"gfield gfield--type-phone gfield_contains_required field_sublabel_below gfield--no-description field_description_below field_validation_below gfield_visibility_visible\"  ><label class='gfield_label gform-field-label' for='input_31_5'>T\u00e9l\u00e9phone*<span class=\"gfield_required\"><span class=\"gfield_required gfield_required_text\">(N\u00e9cessaire)<\/span><\/span><\/label><div class='ginput_container ginput_container_phone'><input name='input_5' id='input_31_5' type='tel' value='' class='large' tabindex='2'  aria-required=\"true\" aria-invalid=\"false\"   \/><\/div><\/div><div id=\"field_31_2\" class=\"gfield gfield--type-email gfield_contains_required field_sublabel_below gfield--no-description field_description_below field_validation_below gfield_visibility_visible\"  ><label class='gfield_label gform-field-label' for='input_31_2'>Courriel*<span class=\"gfield_required\"><span class=\"gfield_required gfield_required_text\">(N\u00e9cessaire)<\/span><\/span><\/label><div class='ginput_container ginput_container_email'>\n                            <input name='input_2' id='input_31_2' type='email' value='' class='large' tabindex='3'   aria-required=\"true\" aria-invalid=\"false\"  \/>\n                        <\/div><\/div><div id=\"field_31_3\" class=\"gfield gfield--type-textarea field_sublabel_below gfield--no-description field_description_below field_validation_below gfield_visibility_visible\"  ><label class='gfield_label gform-field-label' for='input_31_3'>Message<\/label><div class='ginput_container ginput_container_textarea'><textarea name='input_3' id='input_31_3' class='textarea small' tabindex='4'     aria-invalid=\"false\"   rows='10' cols='50'><\/textarea><\/div><\/div><\/div><\/div>\n        <div class='gform-footer gform_footer top_label'> <input type='submit' id='gform_submit_button_31' class='gform_button button' onclick='gform.submission.handleButtonClick(this);' data-submission-type='submit' value='ENVOYER' tabindex='5' \/> \n            <input type='hidden' class='gform_hidden' name='gform_submission_method' data-js='gform_submission_method_31' value='postback' \/>\n            <input type='hidden' class='gform_hidden' name='gform_theme' data-js='gform_theme_31' id='gform_theme_31' value='gravity-theme' \/>\n            <input type='hidden' class='gform_hidden' name='gform_style_settings' data-js='gform_style_settings_31' id='gform_style_settings_31' value='[]' \/>\n            <input type='hidden' class='gform_hidden' name='is_submit_31' value='1' \/>\n            <input type='hidden' class='gform_hidden' name='gform_submit' value='31' \/>\n            \n            <input type='hidden' class='gform_hidden' name='gform_currency' data-currency='USD' value='APJVFilrk\/jSYkjnUTT\/qCvcL7h\/LI21L37VLi1uDvKxi6M3Dp\/+ghqTgO3WTR5OOJZW64Yl+8YDhMzLOE39HnqvplDKd7O5rXRYb8aSylEc\/RE=' \/>\n            <input type='hidden' class='gform_hidden' name='gform_unique_id' value='' \/>\n            <input type='hidden' class='gform_hidden' name='state_31' value='WyJbXSIsImI3YWVlMWQ5YmY5MGQxMWQ2NmJhZTdmYWJlYmIzNGZjIl0=' \/>\n            <input type='hidden' autocomplete='off' class='gform_hidden' name='gform_target_page_number_31' id='gform_target_page_number_31' value='0' \/>\n            <input type='hidden' autocomplete='off' class='gform_hidden' name='gform_source_page_number_31' id='gform_source_page_number_31' value='1' \/>\n            <input type='hidden' name='gform_field_values' value='' \/>\n            \n        <\/div>\n                        <\/form>\n                        <\/div><script>\ngform.initializeOnLoaded( function() {gformInitSpinner( 31, 'https:\/\/gentleproceduresnb.ca\/wp-content\/plugins\/gravityforms\/images\/spinner.svg', true );jQuery('#gform_ajax_frame_31').on('load',function(){var contents = jQuery(this).contents().find('*').html();var is_postback = contents.indexOf('GF_AJAX_POSTBACK') >= 0;if(!is_postback){return;}var form_content = jQuery(this).contents().find('#gform_wrapper_31');var is_confirmation = jQuery(this).contents().find('#gform_confirmation_wrapper_31').length > 0;var is_redirect = contents.indexOf('gformRedirect(){') >= 0;var is_form = form_content.length > 0 && ! is_redirect && ! is_confirmation;var mt = parseInt(jQuery('html').css('margin-top'), 10) + parseInt(jQuery('body').css('margin-top'), 10) + 100;if(is_form){jQuery('#gform_wrapper_31').html(form_content.html());if(form_content.hasClass('gform_validation_error')){jQuery('#gform_wrapper_31').addClass('gform_validation_error');} else {jQuery('#gform_wrapper_31').removeClass('gform_validation_error');}setTimeout( function() { \/* delay the scroll by 50 milliseconds to fix a bug in chrome *\/  }, 50 );if(window['gformInitDatepicker']) {gformInitDatepicker();}if(window['gformInitPriceFields']) {gformInitPriceFields();}var current_page = jQuery('#gform_source_page_number_31').val();gformInitSpinner( 31, 'https:\/\/gentleproceduresnb.ca\/wp-content\/plugins\/gravityforms\/images\/spinner.svg', true );jQuery(document).trigger('gform_page_loaded', [31, current_page]);window['gf_submitting_31'] = false;}else if(!is_redirect){var confirmation_content = jQuery(this).contents().find('.GF_AJAX_POSTBACK').html();if(!confirmation_content){confirmation_content = contents;}jQuery('#gform_wrapper_31').replaceWith(confirmation_content);jQuery(document).trigger('gform_confirmation_loaded', [31]);window['gf_submitting_31'] = false;wp.a11y.speak(jQuery('#gform_confirmation_message_31').text());}else{jQuery('#gform_31').append(contents);if(window['gformRedirect']) {gformRedirect();}}jQuery(document).trigger(\"gform_pre_post_render\", [{ formId: \"31\", currentPage: \"current_page\", abort: function() { this.preventDefault(); } }]);        if (event && event.defaultPrevented) {                return;        }        const gformWrapperDiv = document.getElementById( \"gform_wrapper_31\" );        if ( gformWrapperDiv ) {            const visibilitySpan = document.createElement( \"span\" );            visibilitySpan.id = \"gform_visibility_test_31\";            gformWrapperDiv.insertAdjacentElement( \"afterend\", visibilitySpan );        }        const visibilityTestDiv = document.getElementById( \"gform_visibility_test_31\" );        let postRenderFired = false;        function triggerPostRender() {            if ( postRenderFired ) {                return;            }            postRenderFired = true;            gform.core.triggerPostRenderEvents( 31, current_page );            if ( visibilityTestDiv ) {                visibilityTestDiv.parentNode.removeChild( visibilityTestDiv );            }        }        function debounce( func, wait, immediate ) {            var timeout;            return function() {                var context = this, args = arguments;                var later = function() {                    timeout = null;                    if ( !immediate ) func.apply( context, args );                };                var callNow = immediate && !timeout;                clearTimeout( timeout );                timeout = setTimeout( later, wait );                if ( callNow ) func.apply( context, args );            };        }        const debouncedTriggerPostRender = debounce( function() {            triggerPostRender();        }, 200 );        if ( visibilityTestDiv && visibilityTestDiv.offsetParent === null ) {            const observer = new MutationObserver( ( mutations ) => {                mutations.forEach( ( mutation ) => {                    if ( mutation.type === 'attributes' && visibilityTestDiv.offsetParent !== null ) {                        debouncedTriggerPostRender();                        observer.disconnect();                    }                });            });            observer.observe( document.body, {                attributes: true,                childList: false,                subtree: true,                attributeFilter: [ 'style', 'class' ],            });        } else {            triggerPostRender();        }    } );} );\n<\/script>\n\n<\/div>\n\t\t\t\t<\/div>\n\t\t\t\t<\/div>\n\t\t\t\t\t<\/div>\n\t\t<\/div>\n\t\t\t\t\t<\/div>\n\t\t<\/section>\n\t\t\t\t\t<\/div>\n\t\t<\/div>\n\t\t\t\t<div class=\"elementor-column elementor-col-50 elementor-top-column elementor-element elementor-element-1196997a elementor-hidden-phone\" data-id=\"1196997a\" data-element_type=\"column\" data-e-type=\"column\" data-settings=\"{&quot;background_background&quot;:&quot;classic&quot;}\">\n\t\t\t<div class=\"elementor-widget-wrap\">\n\t\t\t\t\t\t\t<\/div>\n\t\t<\/div>\n\t\t\t\t\t<\/div>\n\t\t<\/section>\n\t\t\t\t<\/div>\n\t\t","protected":false},"excerpt":{"rendered":"<p>Confirmation de prix pour fr\u00e9nulectomie Veuillez remplir le formulaire ci-dessous avec vos coordonn\u00e9es et informations et nous vous enverrons le plus vite possible le co\u00fbt de la fr\u00e9nulectomie ou fr\u00e9nuloplastie. Il est possible qu\u2019une consultation sera n\u00e9cessaire pour d\u00e9terminer la meilleure fa\u00e7on d\u2019y proc\u00e9der dans votre cas. Nom(Required) T\u00e9l\u00e9phone(Required)Courriel(Required) MessagePhoneThis field is for validation purposes [&hellip;]<\/p>\n","protected":false},"author":1,"featured_media":0,"parent":6087,"menu_order":0,"comment_status":"closed","ping_status":"closed","template":"elementor_header_footer","meta":{"footnotes":""},"class_list":["post-6106","page","type-page","status-publish","hentry"],"yoast_head":"<!-- This site is optimized with the Yoast SEO plugin v27.5 - https:\/\/yoast.com\/product\/yoast-seo-wordpress\/ -->\n<title>Frenuloplastie confirmation des co\u00fbts - Gentle Procedures NB<\/title>\n<meta name=\"robots\" content=\"index, follow, max-snippet:-1, max-image-preview:large, max-video-preview:-1\" \/>\n<link rel=\"canonical\" href=\"https:\/\/gentleproceduresnb.ca\/fr\/penis-frenulectomie-frenuloplastie\/confirmation-prix\/\" \/>\n<meta property=\"og:locale\" content=\"fr_FR\" \/>\n<meta property=\"og:type\" content=\"article\" \/>\n<meta property=\"og:title\" content=\"Frenuloplastie confirmation des co\u00fbts - Gentle Procedures NB\" \/>\n<meta property=\"og:description\" content=\"Confirmation de prix pour fr\u00e9nulectomie Veuillez remplir le formulaire ci-dessous avec vos coordonn\u00e9es et informations et nous vous enverrons le plus vite possible le co\u00fbt de la fr\u00e9nulectomie ou fr\u00e9nuloplastie. Il est possible qu\u2019une consultation sera n\u00e9cessaire pour d\u00e9terminer la meilleure fa\u00e7on d\u2019y proc\u00e9der dans votre cas. Nom(Required) T\u00e9l\u00e9phone(Required)Courriel(Required) MessagePhoneThis field is for validation purposes [&hellip;]\" \/>\n<meta property=\"og:url\" content=\"https:\/\/gentleproceduresnb.ca\/fr\/penis-frenulectomie-frenuloplastie\/confirmation-prix\/\" \/>\n<meta property=\"og:site_name\" content=\"Gentle Procedures NB\" \/>\n<meta property=\"article:modified_time\" content=\"2021-11-30T21:48:37+00:00\" \/>\n<meta name=\"twitter:card\" content=\"summary_large_image\" \/>\n<meta name=\"twitter:label1\" content=\"Dur\u00e9e de lecture estim\u00e9e\" \/>\n\t<meta name=\"twitter:data1\" content=\"1 minute\" \/>\n<script type=\"application\/ld+json\" class=\"yoast-schema-graph\">{\"@context\":\"https:\\\/\\\/schema.org\",\"@graph\":[{\"@type\":\"WebPage\",\"@id\":\"https:\\\/\\\/gentleproceduresnb.ca\\\/fr\\\/penis-frenulectomie-frenuloplastie\\\/confirmation-prix\\\/\",\"url\":\"https:\\\/\\\/gentleproceduresnb.ca\\\/fr\\\/penis-frenulectomie-frenuloplastie\\\/confirmation-prix\\\/\",\"name\":\"Frenuloplastie confirmation des co\u00fbts - Gentle Procedures NB\",\"isPartOf\":{\"@id\":\"https:\\\/\\\/gentleproceduresnb.ca\\\/#website\"},\"datePublished\":\"2021-11-30T21:45:11+00:00\",\"dateModified\":\"2021-11-30T21:48:37+00:00\",\"breadcrumb\":{\"@id\":\"https:\\\/\\\/gentleproceduresnb.ca\\\/fr\\\/penis-frenulectomie-frenuloplastie\\\/confirmation-prix\\\/#breadcrumb\"},\"inLanguage\":\"fr-FR\",\"potentialAction\":[{\"@type\":\"ReadAction\",\"target\":[\"https:\\\/\\\/gentleproceduresnb.ca\\\/fr\\\/penis-frenulectomie-frenuloplastie\\\/confirmation-prix\\\/\"]}]},{\"@type\":\"BreadcrumbList\",\"@id\":\"https:\\\/\\\/gentleproceduresnb.ca\\\/fr\\\/penis-frenulectomie-frenuloplastie\\\/confirmation-prix\\\/#breadcrumb\",\"itemListElement\":[{\"@type\":\"ListItem\",\"position\":1,\"name\":\"Home\",\"item\":\"https:\\\/\\\/gentleproceduresnb.ca\\\/\"},{\"@type\":\"ListItem\",\"position\":2,\"name\":\"Fr\u00e9nulectomie \u00e0 notre clinique de Fr\u00e9d\u00e9ricton\",\"item\":\"https:\\\/\\\/gentleproceduresnb.ca\\\/fr\\\/penis-frenulectomie-frenuloplastie\\\/\"},{\"@type\":\"ListItem\",\"position\":3,\"name\":\"Frenuloplastie confirmation des co\u00fbts\"}]},{\"@type\":\"WebSite\",\"@id\":\"https:\\\/\\\/gentleproceduresnb.ca\\\/#website\",\"url\":\"https:\\\/\\\/gentleproceduresnb.ca\\\/\",\"name\":\"Gentle Procedures NB\",\"description\":\"Gentle Procedures NB\",\"potentialAction\":[{\"@type\":\"SearchAction\",\"target\":{\"@type\":\"EntryPoint\",\"urlTemplate\":\"https:\\\/\\\/gentleproceduresnb.ca\\\/?s={search_term_string}\"},\"query-input\":{\"@type\":\"PropertyValueSpecification\",\"valueRequired\":true,\"valueName\":\"search_term_string\"}}],\"inLanguage\":\"fr-FR\"}]}<\/script>\n<!-- \/ Yoast SEO plugin. -->","yoast_head_json":{"title":"Frenuloplastie confirmation des co\u00fbts - Gentle Procedures NB","robots":{"index":"index","follow":"follow","max-snippet":"max-snippet:-1","max-image-preview":"max-image-preview:large","max-video-preview":"max-video-preview:-1"},"canonical":"https:\/\/gentleproceduresnb.ca\/fr\/penis-frenulectomie-frenuloplastie\/confirmation-prix\/","og_locale":"fr_FR","og_type":"article","og_title":"Frenuloplastie confirmation des co\u00fbts - Gentle Procedures NB","og_description":"Confirmation de prix pour fr\u00e9nulectomie Veuillez remplir le formulaire ci-dessous avec vos coordonn\u00e9es et informations et nous vous enverrons le plus vite possible le co\u00fbt de la fr\u00e9nulectomie ou fr\u00e9nuloplastie. Il est possible qu\u2019une consultation sera n\u00e9cessaire pour d\u00e9terminer la meilleure fa\u00e7on d\u2019y proc\u00e9der dans votre cas. Nom(Required) T\u00e9l\u00e9phone(Required)Courriel(Required) MessagePhoneThis field is for validation purposes [&hellip;]","og_url":"https:\/\/gentleproceduresnb.ca\/fr\/penis-frenulectomie-frenuloplastie\/confirmation-prix\/","og_site_name":"Gentle Procedures NB","article_modified_time":"2021-11-30T21:48:37+00:00","twitter_card":"summary_large_image","twitter_misc":{"Dur\u00e9e de lecture estim\u00e9e":"1 minute"},"schema":{"@context":"https:\/\/schema.org","@graph":[{"@type":"WebPage","@id":"https:\/\/gentleproceduresnb.ca\/fr\/penis-frenulectomie-frenuloplastie\/confirmation-prix\/","url":"https:\/\/gentleproceduresnb.ca\/fr\/penis-frenulectomie-frenuloplastie\/confirmation-prix\/","name":"Frenuloplastie confirmation des co\u00fbts - Gentle Procedures NB","isPartOf":{"@id":"https:\/\/gentleproceduresnb.ca\/#website"},"datePublished":"2021-11-30T21:45:11+00:00","dateModified":"2021-11-30T21:48:37+00:00","breadcrumb":{"@id":"https:\/\/gentleproceduresnb.ca\/fr\/penis-frenulectomie-frenuloplastie\/confirmation-prix\/#breadcrumb"},"inLanguage":"fr-FR","potentialAction":[{"@type":"ReadAction","target":["https:\/\/gentleproceduresnb.ca\/fr\/penis-frenulectomie-frenuloplastie\/confirmation-prix\/"]}]},{"@type":"BreadcrumbList","@id":"https:\/\/gentleproceduresnb.ca\/fr\/penis-frenulectomie-frenuloplastie\/confirmation-prix\/#breadcrumb","itemListElement":[{"@type":"ListItem","position":1,"name":"Home","item":"https:\/\/gentleproceduresnb.ca\/"},{"@type":"ListItem","position":2,"name":"Fr\u00e9nulectomie \u00e0 notre clinique de Fr\u00e9d\u00e9ricton","item":"https:\/\/gentleproceduresnb.ca\/fr\/penis-frenulectomie-frenuloplastie\/"},{"@type":"ListItem","position":3,"name":"Frenuloplastie confirmation des co\u00fbts"}]},{"@type":"WebSite","@id":"https:\/\/gentleproceduresnb.ca\/#website","url":"https:\/\/gentleproceduresnb.ca\/","name":"Gentle Procedures NB","description":"Gentle Procedures NB","potentialAction":[{"@type":"SearchAction","target":{"@type":"EntryPoint","urlTemplate":"https:\/\/gentleproceduresnb.ca\/?s={search_term_string}"},"query-input":{"@type":"PropertyValueSpecification","valueRequired":true,"valueName":"search_term_string"}}],"inLanguage":"fr-FR"}]}},"_links":{"self":[{"href":"https:\/\/gentleproceduresnb.ca\/fr\/wp-json\/wp\/v2\/pages\/6106","targetHints":{"allow":["GET"]}}],"collection":[{"href":"https:\/\/gentleproceduresnb.ca\/fr\/wp-json\/wp\/v2\/pages"}],"about":[{"href":"https:\/\/gentleproceduresnb.ca\/fr\/wp-json\/wp\/v2\/types\/page"}],"author":[{"embeddable":true,"href":"https:\/\/gentleproceduresnb.ca\/fr\/wp-json\/wp\/v2\/users\/1"}],"replies":[{"embeddable":true,"href":"https:\/\/gentleproceduresnb.ca\/fr\/wp-json\/wp\/v2\/comments?post=6106"}],"version-history":[{"count":7,"href":"https:\/\/gentleproceduresnb.ca\/fr\/wp-json\/wp\/v2\/pages\/6106\/revisions"}],"predecessor-version":[{"id":6113,"href":"https:\/\/gentleproceduresnb.ca\/fr\/wp-json\/wp\/v2\/pages\/6106\/revisions\/6113"}],"up":[{"embeddable":true,"href":"https:\/\/gentleproceduresnb.ca\/fr\/wp-json\/wp\/v2\/pages\/6087"}],"wp:attachment":[{"href":"https:\/\/gentleproceduresnb.ca\/fr\/wp-json\/wp\/v2\/media?parent=6106"}],"curies":[{"name":"wp","href":"https:\/\/api.w.org\/{rel}","templated":true}]}}